{"id":747,"date":"2018-05-24T08:45:08","date_gmt":"2018-05-24T08:45:08","guid":{"rendered":"https:\/\/gableinsurance.li\/?page_id=747"},"modified":"2020-07-23T12:34:02","modified_gmt":"2020-07-23T12:34:02","slug":"datenschutz","status":"publish","type":"page","link":"https:\/\/gableinsurance.li\/it\/datenschutz\/","title":{"rendered":"Informative sulla protezione dei dati"},"content":{"rendered":"<h1><strong>Informative sulla privacy della Gable Insurance AG in fallimento<\/strong><\/h1>\n<p>La protezione dei dati \u00e8 molto legata alla tutela della fiducia che riponete nella nostra azienda. Pertanto, trattiamo solo i dati personali che vi riguardano che risultano strettamente necessari. Lo facciamo con la dovuta diligenza, non da ultimo anche per proteggervi da possibili abusi.<\/p>\n<p>Con le tre presente informative sulla privacy desideriamo fornirvi una panoramica sul trattamento dei vostri dati e sui diritti che vi spettano ai sensi delle disposizioni del Regolamento generale sulla protezione dei dati dell&#8217;Unione europea (di seguito &#8220;RGPD&#8221;) e della Legge sulla protezione dei dati del Principato del Liechtenstein (di seguito &#8220;DSG&#8221;).<\/p>\n<h1><strong>1. Informativa sulla privacy: insinuazione di crediti<\/strong><\/h1>\n<p><strong>1.1. Nome e indirizzo del titolare del trattamento dei dati e dati di contatto del responsabile della protezione dei dati<\/strong><\/p>\n<p>Il titolare del trattamento ai sensi del RGPD \u00e8 la Gable Insurance AG in fallimento, rappresentata da Batliner Wanger Batliner Rechtsanw\u00e4lte AG, Am Schr\u00e4gen Weg 2, LI-9490 Vaduz, Liechtenstein, office@bwb.legal, tel.: +423 239 78 78. Potete contattare il nostro responsabile della protezione dei dati all&#8217;indirizzo e-mail dsb.gable@bwb.legal o al nostro indirizzo postale aggiungendo &#8220;der Datenschutzbeauftragte&#8221; (ital.: &#8220;il responsabile della protezione dei dati&#8221;).<\/p>\n<p><strong>1.2. Raccolta e conservazione dei dati personali, nonch\u00e9 tipo e finalit\u00e0 del loro utilizzo; basi giuridiche (compreso l&#8217;interesse legittimo)<\/strong><\/p>\n<p>Trattiamo soltanto i dati necessari.<\/p>\n<p>Quando ci contattate, rileviamo in particolare le seguenti informazioni:<\/p>\n<ul>\n<li>dati e indirizzi dei creditori (nome, data di nascita, indirizzo privato o aziendale, numero di telefono, indirizzo e-mail);<\/li>\n<li>dati di legittimazione (numeri delle polizze);<\/li>\n<li>informazioni di carattere assicurativo (contratti di assicurazione, informazioni bancarie, corrispondenza, sentenze).<\/li>\n<\/ul>\n<p>I dati vengono raccolti:<\/p>\n<ul>\n<li>per potervi identificare come nostri creditori;<\/li>\n<li>per corrispondere con voi;<\/li>\n<li>per l&#8217;espletamento delle procedure fallimentari;<\/li>\n<li>per l&#8217;adempimento di obblighi di legge (in particolare derivanti dal Diritto sulle persone fisiche e giuridiche e dalla Legge sui fiduciari, entrambe del Principato del Liechtenstein, dalle norme sulla due diligence, dalle leggi e dalle convenzioni in materia fiscale).<\/li>\n<\/ul>\n<p>Il trattamento dei dati avviene generalmente in base a una vostra richiesta e risulta necessario ai sensi dell&#8217;art. 6 par. 1 lett. b RGPD, nel contesto delle finalit\u00e0 indicate (esecuzione di un contratto), per l&#8217;adeguata elaborazione del nostro incarico e per l&#8217;adempimento reciproco degli obblighi derivanti dal rapporto con il cliente.<\/p>\n<p>I vostri dati saranno inoltre trattati anche per adempiere ad obblighi legali (art. 6 par. 1 lett. c RGPD), in particolare per ottemperare a requisiti legali e di vigilanza (ad esempio DSG, Legge sulla sorveglianza delle imprese di assicurazione e Legge sul fallimento \u2013 tutte e tre del<br \/>\nLiechtenstein).<\/p>\n<p>Inoltre, i vostri dati saranno trattati da noi o da terzi al fine di tutelare interessi legittimi (art. 6 par. 1 lett. f RGPD), per finalit\u00e0 stabilite in modo concreto, in particolare per scopi amministrativi interni, per l\u2019esecuzione di un contratto con un terzo, per garantire la sicurezza informatica e la funzionalit\u00e0 informatica nonch\u00e9, eventualmente, per la sicurezza degli edifici e degli impianti e per difendersi da pretese ingiustificate.<\/p>\n<p>Ci riserviamo il diritto di trattare i dati personali raccolti per una delle finalit\u00e0 di cui sopra anche per altri scopi, se ci\u00f2 \u00e8 compatibile con la finalit\u00e0 originaria o consentito o prescritto dalla legge (ad esempio eventuali obblighi di segnalazione).<\/p>\n<p><strong>1.3. Destinatari o categorie di destinatari dei dati personali<\/strong><\/p>\n<p>I dipendenti della nostra azienda possono trattare i vostri dati solo se ne hanno bisogno per adempiere ai nostri obblighi contrattuali, legali e di vigilanza e per salvaguardare interessi legittimi.<\/p>\n<p>I vostri dati personali saranno trasmessi a terzi solo se ci\u00f2 \u00e8 necessario per la fornitura dei nostri servizi.Per terzi si intendonobanche, compagnie di assicurazione, avvocati, revisori o altri partner di cooperazione e incaricati del trattamento, ad esempio nell&#8217;ambito dei servizi informatici.<\/p>\n<p>In caso di adempimento di obblighi legali o di vigilanza da parte nostra, possono ricevere dati personali in particolare i seguenti soggetti:<\/p>\n<ul>\n<li>\u00a0organismi ufficiali e autorit\u00e0 pubbliche (ad esempio autorit\u00e0 di vigilanza, tribunali);<\/li>\n<li>autorit\u00e0 fiscali;<\/li>\n<li>autorit\u00e0 di paesi terzi o organizzazioni internazionali.<\/li>\n<\/ul>\n<p><strong>1.4. Trasferimento di dati personali a Stati terzi<\/strong><\/p>\n<p>Quando trasferiamo i dati personali di creditori in un altro paese, essi vengono protetti e trasferiti in conformit\u00e0 con la legge. Un trasferimento di dati al di fuori dello Spazio economico europeo avviene in Svizzera. Il 26 luglio 2000 la Commissione europea ha deciso che la Svizzera dispone di un&#8217;adeguata protezione dei dati.<\/p>\n<p><strong>1.5. Origine dei dati<\/strong><\/p>\n<p>I dati sono raccolti direttamente (ad esempio nel corso di colloqui o di corrispondenza con i creditori o di chiarimenti interni) e in parte da terzi (fornitori di servizi o altri terzi).<\/p>\n<p><strong>1.6. Durata della conservazione dei dati personali<\/strong><\/p>\n<p>I dati personali da noi raccolti ai fini dell\u2019incarico vengono in linea di principio trattati fino alla fine del periodo di conservazione legale (generalmente 10 anni) e successivamente cancellati, a meno che, ai sensi dell&#8217;art. 6 par. 1 lett. c RGPD, non si renda necessaria una conservazione pi\u00f9 lunga a causa di obblighi di conservazione e documentazione imposti dalle normative fiscali, societarie o in materia di vigilanza (in particolare in conformit\u00e0 con la Legge sulle persone fisiche e giuridiche, alla Legge fiscale o alla Legge sull\u2019imposta sul valore aggiunto, tutte e tre del Principato del Liechtenstein) o se voi avete acconsentito a una conservazione pi\u00f9 lunga ai sensi dell&#8217;art. 6 par. 1 lett. a RGPD. L&#8217;ulteriore trattamento e conservazione possono risultare pi\u00f9 lunghi anche per motivi di conservazione delle prove, ad esempio nel corso di durata del termine di prescrizione applicabile.<\/p>\n<p><strong>1.7. Processo decisionale automatizzato<\/strong><\/p>\n<p>Non viene svolto un processo decisionale automatizzato con i dati personali dei creditori. Qualora tali procedure vengano utilizzate in singoli casi, vi informeremo nella misura richiesta dalla legge.<\/p>\n<p><strong>1.8. Dati necessari da fornire (art. 13, par. 2 lett. e RGPD)<\/strong><\/p>\n<p>Abbiamo obbligatoriamente bisogno dei dati indicati al punto 1.2 per poter espletare le nostre mansioni di curatore fallimentare e per poter adempiere ai nostri obblighi legali. La mancata messa a disposizione di dati comporta una contestazione del vostro credito.<\/p>\n<p><strong>1.9. Vostri diritti di protezione dei dati<\/strong><\/p>\n<p>In qualit\u00e0 di creditori, vi spetta in qualsiasi momento il diritto di accesso a informazioni sui vostri dati personali. Avete inoltre il diritto di rettifica, alla portabilit\u00e0 dei dati, di opposizione, di limitazione del trattamento o alla cancellazione dei dati trattati in modo errato o illecito.<\/p>\n<p>In caso di modifiche ai vostri dati personali, vi preghiamo di informarci di conseguenza.<\/p>\n<p>Avete il diritto di revocare in qualsiasi momento il vostro consenso all&#8217;utilizzo dei vostri dati personali.<\/p>\n<p>Se ritenete che il trattamento dei vostri dati personali da parte nostra violi la legge applicabile in materia di protezione dei dati o che le vostre pretese di protezione dei dati siano state violate in qualsiasi altro modo, avete la possibilit\u00e0 di presentare un reclamo a un&#8217;autorit\u00e0 di controllo, in particolare nello Stato SEE dove risiedete, dove si trova il vostro luogo di lavoro o il luogo della presunta violazione.<\/p>\n<p><strong>1.10. Versione vigente<\/strong><\/p>\n<p>La presente informativa sulla privacy \u00e8 attualmente valida ed aggiornata ad agosto 2019.<\/p>\n<p>A causa dell&#8217;ulteriore sviluppo del nostro sito web e delle offerte contenute in esso oppure a causa di adeguamenti organizzativi all&#8217;interno dell&#8217;azienda o di mutate esigenze legali o ufficiali, potrebbe rendersi necessario modificare la presente informativa sulla privacy. Detta informativa, nella sua versione di volta in volta aggiornata, pu\u00f2 essere consultata e stampata in qualsiasi momento sul nostro sito web.<\/p>\n<h1><strong>2. Informativa sulla privacy per i partner commerciali<\/strong><\/h1>\n<p>La protezione dei dati personali dei nostri interlocutori presso fornitori e partner commerciali \u00e8 importante per la Gable Insurance AG in fallimento. Per questo motivo viene attribuito grande rilievo alle disposizioni di legge sulla protezione dei dati personali.<\/p>\n<p><strong>2.1. Nome e indirizzo del titolare del trattamento dei dati e dati di contatto del responsabile della protezione dei dati<\/strong><\/p>\n<p>Vedi sopra, punto 1.1.<\/p>\n<p><strong>2.2. Raccolta e conservazione dei dati personali, nonch\u00e9 tipo e finalit\u00e0 del loro utilizzo; basi giuridiche (compreso l&#8217;interesse legittimo)<\/strong><\/p>\n<p>In particolare, raccogliamo le seguenti categorie di dati personali:<\/p>\n<ul>\n<li>informazioni di contatto come nome e cognome, indirizzo aziendale, numero di telefono aziendale, numero di cellulare aziendale e indirizzo e-mail aziendale;<\/li>\n<li>dati relativi ai pagamenti, quali informazioni necessarie per l&#8217;elaborazione delle operazioni di pagamento o per la prevenzione delle frodi;<\/li>\n<li>ulteriori informazioni il cui trattamento \u00e8 necessario nell&#8217;ambito di un progetto o della gestione di un rapporto contrattuale con la Gable Insurance AG in fallimento o che sono fornite volontariamente dai nostri interlocutori, richieste di informazioni o dettagli progettuali;<\/li>\n<li>informazioni raccolte da fonti accessibili al pubblico, banche dati informative o agenzie di informazione commerciale.<\/li>\n<\/ul>\n<p>I dati vengono raccolti:<\/p>\n<ul>\n<li>per comunicare con i partner commerciali in relazione a servizi e progetti, ad esempio per elaborare le richieste del partner commerciale;<\/li>\n<li>per pianificare, eseguire e amministrare il rapporto commerciale (contrattuale) con il partner commerciale, ad esempio per svolgere servizi;<\/li>\n<li>per l&#8217;incasso di pagamenti, per scopi contabili, di fatturazione e di recupero crediti;<\/li>\n<li>per mantenere in piedi i nostri servizi e il nostro sito web, per prevenire e rilevare rischi per la sicurezza, frodi o altre attivit\u00e0 criminose o aventi un intento deleterio;<\/li>\n<li>per rispettare i requisiti di legge (ad esempio, obblighi fiscali e di custodia in capo alle societ\u00e0); e<\/li>\n<li>per la risoluzione di controversie legali, l&#8217;esecuzione di contratti esistenti e l&#8217;affermazione e l&#8217;esercizio di pretese legali o per contrastarle.<\/li>\n<\/ul>\n<p>Ai sensi dell&#8217;art. 6 par. 1 lett. b RGPD, il trattamento dei dati \u00e8 necessario, nel contesto delle finalit\u00e0 indicate (esecuzione di un contratto o esecuzione di misure precontrattuali), per l&#8217;adeguata elaborazione del nostro incarico e per l&#8217;adempimento reciproco degli obblighi derivanti dal rapporto con il cliente.<\/p>\n<p>I vostri dati saranno inoltre trattati anche per adempiere ad obblighi legali (art. 6 par. 1 lett. c RGPD) o nell&#8217;interesse pubblico (art. 6 cpv. 1 lett. e RGPD), in particolare per ottemperare a requisiti legali e di vigilanza (ad es. Legge sulla protezione dei dati, Legge sulla sorveglianza delle imprese di assicurazione e Legge sul fallimento \u2013 tutte e tre del Liechtenstein).<\/p>\n<p>Ci riserviamo il diritto di trattare i dati personali raccolti per una delle finalit\u00e0 di cui sopra anche per altre finalit\u00e0, se ci\u00f2 \u00e8 compatibile con lo scopo originario o consentito o prescritto dalla legge (ad esempio eventuali obblighi di segnalazione).<\/p>\n<p><strong>2.3. Destinatari o categorie di destinatari dei dati personali<\/strong><\/p>\n<p>I dati personali dei partner commerciali vengono da noi trattati esclusivamente per l&#8217;adempimento dei nostri obblighi contrattuali, legali e di vigilanza, per le finalit\u00e0 di cui al punto 2.2.<\/p>\n<p>A tale scopo, i seguenti referenti possono ricevere dati personali:<\/p>\n<ul>\n<li>fornitori di servizi e altri soggetti esterni:\n<ul>\n<li>intermediari assicurativi<\/li>\n<li>banche<\/li>\n<li>gestori patrimoniali<\/li>\n<li>assicuratori<\/li>\n<li>avvocati<\/li>\n<li>revisori<\/li>\n<li>fornitori<\/li>\n<li>rivenditori<\/li>\n<li>imprese di trasporto<\/li>\n<li>subappaltatori<\/li>\n<li>altri partner di cooperazione<\/li>\n<li>associazioni<\/li>\n<li>istituzioni di interesse pubblico in patria e all&#8217;estero<\/li>\n<\/ul>\n<\/li>\n<\/ul>\n<p>In caso di adempimento di obblighi legali o di vigilanza da parte nostra, possono ricevere dati personali in particolare i seguenti soggetti:<\/p>\n<ul>\n<li>organismi ufficiali e autorit\u00e0 pubbliche (ad esempio autorit\u00e0 di vigilanza, tribunali)<\/li>\n<li>autorit\u00e0 di paesi terzi o organizzazioni internazionali.<\/li>\n<\/ul>\n<p><strong>2.4. Trasferimento di dati personali a Stati terzi<\/strong><\/p>\n<p>Vedi sopra, punto 1.4.<\/p>\n<p><strong>2.5. Origine dei dati<\/strong><\/p>\n<p>I dati vengono raccolti direttamente.<\/p>\n<p><strong>2.6. Durata della conservazione dei dati personali<\/strong><\/p>\n<p>I dati personali saranno trattati e conservati durante il rapporto commerciale diretto nel rispetto delle disposizioni di legge. Dopo la cessazione del rapporto commerciale, questi dati saranno conservati per 10 anni in conformit\u00e0 con le disposizioni di legge (Diritto sulle persone fisiche e giuridiche, Codice civile \u2013 entrambi del Liechtenstein). Una conservazione pi\u00f9 lunga dei dati avviene esclusivamente sulla base di obblighi legali o contrattuali di conservazione o per scopi di prova entro i termini di prescrizione.<\/p>\n<p><strong>2.7. Processo decisionale automatizzato (art. 22 RGPD)<\/strong><\/p>\n<p>Vedi sopra, punto 1.7.<\/p>\n<p><strong>2.8. Dati necessari da fornire (art. 13, par. 2 lett. e RGPD)<\/strong><\/p>\n<p>Abbiamo obbligatoriamente bisogno dei dati indicati al punto 2.2. La mancata messa a disposizione di dati comporta la mancata costituzione o la mancata conclusione del rapporto commerciale.<\/p>\n<p><strong>2.9. Vostri diritti di protezione dei dati<\/strong><\/p>\n<p>Vedi sopra, punto 1.9.<\/p>\n<p><strong>2.10. Versione vigente<\/strong><\/p>\n<p>Vedi sopra, punto 1.10.<\/p>\n<h1><strong>3. Informativa sulla privacy con riguardo all\u2019uso della nostra pagina web<\/strong><\/h1>\n<p><strong>3.1. Nome e indirizzo del titolare del trattamento dei dati e dati di contatto del responsabile della protezione dei dati<\/strong><\/p>\n<p>Vedi sopra, punto 1.1.<\/p>\n<p><strong>3.2. Descrizione e ambito di applicazione del sito web, messa a disposizione del sito web<\/strong><\/p>\n<p>Qualora il sito web venisse utilizzato esclusivamente per scopi informativi, ovvero se non vi registrate o ci trasmettete informazioni per altra via, acquisiremo soltanto i dati personali che il vostro browser trasmetter\u00e0 al nostro server. Se desiderate consultare il nostro sito web, acquisiremo i dati che ci sono tecnicamente necessari affinch\u00e9 possiate visualizzare il sito e per garantirne la stabilit\u00e0 e sicurezza, ovvero<\/p>\n<ul>\n<li>indirizzo IP<\/li>\n<li>data e ora della richiesta<\/li>\n<li>fuso orario rispetto al Greenwich Mean Time (GMT)<\/li>\n<li>contenuto della richiesta (pagina concretamente visitata)<\/li>\n<li>status dell\u2019accesso\/codice HTTP<\/li>\n<li>quantit\u00e0 di dati trasferita di volta in volta<\/li>\n<li>sito web tramite cui proviene la richiesta<\/li>\n<li>browser<\/li>\n<li>sistema operativo e relativa interfaccia<\/li>\n<li>lingua e versione software del browser.<\/li>\n<\/ul>\n<p>Noi memorizziamo queste informazioni in ottemperanza alle norme di legge. Effettuiamo la loro conservazione per motivi di sicurezza dei dati, al fine di garantire la stabilit\u00e0 e la sicurezza operativa del nostro sistema. La base giuridica \u00e8 l\u2019art. 6 par. 1 frase 1 lett. f RGPD.<\/p>\n<p>Non effettuiamo analisi web sul nostro sito web e non utilizziamo strumenti di analisi web (come Google Analytics). Pertanto, non viene effettuata alcuna valutazione del visitatore e dei dati di utilizzo di cui sopra.<\/p>\n<p><strong>3.3. Cookie<\/strong><\/p>\n<p>Nel nostro sito web utilizziamo cookie al fine di rendere pi\u00f9 agevole agli utenti la nostra offerta. I cookie sono brevi file testuali che vengono installati (e compilati) automaticamente sul browser del vostro terminale (laptop, tablet, smartphone etc.) visitando la nostra pagina web. Essi consentono di riconoscere il vostro browser in occasione della visita successiva.<\/p>\n<p>Se non desiderate questa funzione, potete impostare il vostro browser in modo tale che vi informi sui cookie in procinto di essere installati e chieda la vostra autorizzazione di caso in caso. Vi facciamo tuttavia notare che una disattivazione pu\u00f2 avere come conseguenza il fatto di non poter usufruire di tutte le funzionalit\u00e0 del nostro sito. La base giuridica per il trattamento dei dati memorizzati dai cookie \u00e8 l\u2019art. 6 cpv. 1 frase 1 lett. f RGPD.<\/p>\n<p>I cookie temporanei restano validi per la durata della sessione e vengono successivamente cancellati dal vostro browser. I cookie permanenti vengono memorizzati nel vostro browser per un massimo di un anno.<\/p>\n<p><strong>3.4. Newsletter<\/strong><\/p>\n<p>Se vi iscrivete alla nostra newsletter, invieremo prontamente all\u2019indirizzo di posta elettronica indicato un\u2019e-mail contenente un hyperlink. Cliccando su questo link, confermerete l\u2019iscrizione alla newsletter (procedura \u201cdouble-opt-in\u201d). Se non effettuate questa conferma, cancelleremo l\u2019indirizzo di posta elettronica dal nostro elenco temporaneo e non porteremo a termine l\u2019iscrizione.<\/p>\n<p>Se confermate l\u2019iscrizione alla newsletter, date il vostro assenso alla memorizzazione del vostro indirizzo di posta elettronica ed inoltre della data dell\u2019iscrizione, dell\u2019indirizzo IP e del nome utente di registrazione alla newsletter. Utilizzeremo il vostro indirizzo di posta elettronica e i dati personali acquisiti contestualmente, come appellativo, cognome e nome, paese, numero di polizza, indirizzo di posta elettronica, data di nascita e numero di telefono soltanto a fini amministrativi e per l\u2019invio della newsletter a cui vi siete iscritti.<\/p>\n<p>La base giuridica per la memorizzazione di questi dati \u00e8 l\u2019art. 6 cpv. 1 frase 1 lett. a RGPD.<\/p>\n<p>La nostra newsletter non contiene contatori palesi o occulti, pubblicit\u00e0 di terzi o collegamenti a pagine terze, che non sono direttamente connessi al contenuto della nostra newsletter. Ogni newsletter contiene un\u2019indicazione sulla modalit\u00e0 con cui potrete disabbonarvi.<\/p>\n<p><strong>3.5. Download dalla nostra pagina web<\/strong><\/p>\n<p>Se desiderate scaricare contenuti dalla nostra pagina web, non vi chiediamo alcun dato personale.<\/p>\n<p><strong>3.6. Versione vigente<\/strong><\/p>\n<p>Vedi sopra, punto 1.10.<\/p>\n","protected":false},"excerpt":{"rendered":"<p>Informative sulla privacy della Gable Insurance AG in fallimento La protezione dei dati \u00e8 molto legata alla tutela della fiducia che riponete nella nostra azienda. Pertanto, trattiamo solo i dati personali che vi riguardano che risultano strettamente necessari. Lo facciamo con la dovuta diligenza, non da ultimo anche per proteggervi da possibili abusi. Con le [&hellip;]<\/p>\n","protected":false},"author":4,"featured_media":0,"parent":0,"menu_order":0,"comment_status":"closed","ping_status":"closed","template":"","meta":{"footnotes":""},"class_list":["post-747","page","type-page","status-publish","hentry"],"translation":{"provider":"WPGlobus","version":"3.0.2","language":"it","enabled_languages":["de","en","it","fr"],"languages":{"de":{"title":true,"content":true,"excerpt":false},"en":{"title":true,"content":true,"excerpt":false},"it":{"title":true,"content":true,"excerpt":false},"fr":{"title":true,"content":true,"excerpt":false}}},"_links":{"self":[{"href":"https:\/\/gableinsurance.li\/it\/wp-json\/wp\/v2\/pages\/747","targetHints":{"allow":["GET"]}}],"collection":[{"href":"https:\/\/gableinsurance.li\/it\/wp-json\/wp\/v2\/pages"}],"about":[{"href":"https:\/\/gableinsurance.li\/it\/wp-json\/wp\/v2\/types\/page"}],"author":[{"embeddable":true,"href":"https:\/\/gableinsurance.li\/it\/wp-json\/wp\/v2\/users\/4"}],"replies":[{"embeddable":true,"href":"https:\/\/gableinsurance.li\/it\/wp-json\/wp\/v2\/comments?post=747"}],"version-history":[{"count":42,"href":"https:\/\/gableinsurance.li\/it\/wp-json\/wp\/v2\/pages\/747\/revisions"}],"predecessor-version":[{"id":1111,"href":"https:\/\/gableinsurance.li\/it\/wp-json\/wp\/v2\/pages\/747\/revisions\/1111"}],"wp:attachment":[{"href":"https:\/\/gableinsurance.li\/it\/wp-json\/wp\/v2\/media?parent=747"}],"curies":[{"name":"wp","href":"https:\/\/api.w.org\/{rel}","templated":true}]}}