{"id":7,"date":"2016-11-18T08:20:03","date_gmt":"2016-11-18T08:20:03","guid":{"rendered":"http:\/\/gableinsurance.li\/?page_id=7"},"modified":"2016-11-18T14:20:05","modified_gmt":"2016-11-18T14:20:05","slug":"news","status":"publish","type":"page","link":"https:\/\/gableinsurance.li\/it\/news\/","title":{"rendered":"News"},"content":{"rendered":"<h1>Weitere Information zur Gable Insurance AG<\/h1>\n<p>Die als Sonderbeauftragte bei der Gable Insurance AG eingesetzte PricewaterhouseCoopers AG, Birchstrasse 160, 8050 Z\u00fcrich, Schweiz (PwC) hat beim zust\u00e4ndigen liechtensteinischen Gericht einen Antrag auf die Er\u00f6ffnung eines Konkursverfahrens f\u00fcr die Gable Insurance AG gestellt. Ob und wann ein Konkursverfahren er\u00f6ffnet wird, liegt in der ausschliesslichen Kompetenz des zust\u00e4ndigen liechtensteinischen Gerichts.<\/p>\n<p>Die Sonderbeauftragte hatte f\u00fcr den 11. November 2016 eine ausserordentliche Generalversammlung einberufen, um der Aktion\u00e4rin der Gable Insurance AG, der Gable Holdings Inc., die M\u00f6glichkeit zu geben, das notwendige Kapital bereitzustellen, um ein Konkursverfahren abzuwenden. Die an dieser Generalversammlung vertretene Gable Holdings Inc. hat kein weiteres Kapital zur Verf\u00fcgung gestellt.<\/p>\n<p>Am 10. Oktober 2016 hatte die Finanzmarktaufsicht (FMA) Liechtenstein PwC als Sonderbeauftragte bei der Gable Insurance AG eingesetzt, um die finanzielle Situation der Gable Insurance AG zu pr\u00fcfen und die Interessen der Versicherungsnehmer der Gable Insurance AG zu sch\u00fctzen.<\/p>\n<p>https:\/\/www.fma-li.li\/de\/news\/20161117-weitere-information-zur-gable-insurance-ag.html<\/p>\n","protected":false},"excerpt":{"rendered":"<p>Weitere Information zur Gable Insurance AG Die als Sonderbeauftragte bei der Gable Insurance AG eingesetzte PricewaterhouseCoopers AG, Birchstrasse 160, 8050 Z\u00fcrich, Schweiz (PwC) hat beim zust\u00e4ndigen liechtensteinischen Gericht einen Antrag auf die Er\u00f6ffnung eines Konkursverfahrens f\u00fcr die Gable Insurance AG gestellt. Ob und wann ein Konkursverfahren er\u00f6ffnet wird, liegt in der ausschliesslichen Kompetenz des zust\u00e4ndigen [&hellip;]<\/p>\n","protected":false},"author":1,"featured_media":0,"parent":0,"menu_order":0,"comment_status":"closed","ping_status":"closed","template":"","meta":{"footnotes":""},"class_list":["post-7","page","type-page","status-publish","hentry"],"translation":{"provider":"WPGlobus","version":"3.0.2","language":"it","enabled_languages":["de","en","it","fr"],"languages":{"de":{"title":true,"content":true,"excerpt":false},"en":{"title":false,"content":false,"excerpt":false},"it":{"title":false,"content":false,"excerpt":false},"fr":{"title":false,"content":false,"excerpt":false}}},"_links":{"self":[{"href":"https:\/\/gableinsurance.li\/it\/wp-json\/wp\/v2\/pages\/7","targetHints":{"allow":["GET"]}}],"collection":[{"href":"https:\/\/gableinsurance.li\/it\/wp-json\/wp\/v2\/pages"}],"about":[{"href":"https:\/\/gableinsurance.li\/it\/wp-json\/wp\/v2\/types\/page"}],"author":[{"embeddable":true,"href":"https:\/\/gableinsurance.li\/it\/wp-json\/wp\/v2\/users\/1"}],"replies":[{"embeddable":true,"href":"https:\/\/gableinsurance.li\/it\/wp-json\/wp\/v2\/comments?post=7"}],"version-history":[{"count":3,"href":"https:\/\/gableinsurance.li\/it\/wp-json\/wp\/v2\/pages\/7\/revisions"}],"predecessor-version":[{"id":664,"href":"https:\/\/gableinsurance.li\/it\/wp-json\/wp\/v2\/pages\/7\/revisions\/664"}],"wp:attachment":[{"href":"https:\/\/gableinsurance.li\/it\/wp-json\/wp\/v2\/media?parent=7"}],"curies":[{"name":"wp","href":"https:\/\/api.w.org\/{rel}","templated":true}]}}