{"id":350,"date":"2017-07-25T13:14:21","date_gmt":"2017-07-25T13:14:21","guid":{"rendered":"http:\/\/gableinsurance.li\/?page_id=350"},"modified":"2020-05-08T14:34:25","modified_gmt":"2020-05-08T14:34:25","slug":"faq-for-policyholders","status":"publish","type":"page","link":"https:\/\/gableinsurance.li\/it\/faq\/faq-for-policyholders\/","title":{"rendered":"FAQ \u2013 Crediti derivanti da un contratto d&#8217;assicurazione"},"content":{"rendered":"<style>    <\/style><div  class=\"ewd-ufaq-faq-list ewd-ufaq-page-type-load_more ewd-ufaq-category-tabs-\" id='ewd-ufaq-faq-list'>\n\n\t<input type='hidden' name='show_on_load' value='' id='ewd-ufaq-show-on-load' \/>\n<input type='hidden' name='include_category' value='for-policy-holders-it' id='ewd-ufaq-include-category' \/>\n<input type='hidden' name='exclude_category' value='' id='ewd-ufaq-exclude-category' \/>\n<input type='hidden' name='orderby' value='date' id='ewd-ufaq-orderby' \/>\n<input type='hidden' name='order' value='desc' id='ewd-ufaq-order' \/>\n<input type='hidden' name='post_count' value='-1' id='ewd-ufaq-post-count' \/>\n<input type='hidden' name='current_url' value='\/it\/wp-json\/wp\/v2\/pages\/350' id='ewd-ufaq-current-url' \/>\n\t\n\t\n\t<div class='ewd-ufaq-faqs'>\n\n\t\t<div  class=\"ewd-ufaq-faq-div ewd-ufaq-faq-column-count-one ewd-ufaq-faq-responsive-columns- ewd-ufaq-faq-display-style-one ewd-ufaq-can-be-toggled\" id='ewd-ufaq-post-422-w8P14eboJ6' data-post_id='422'>\n\n\t\t\n\t<div class='ewd-ufaq-faq-title ewd-ufaq-faq-toggle'>\n\t\n\t<a class='ewd-ufaq-post-margin'  href='#' role=\"button\">\n\n\t\t<div class='ewd-ufaq-post-margin-symbol ewd-ufaq-square'>\n\t\t\t<span >a<\/span>\n\t\t<\/div>\n\n\t\t<div class='ewd-ufaq-faq-title-text'>\n\n\t\t\t<h4>\n\t\t\t\tQuale sar\u00e0 il destino dei contratti d\u2018assicurazione \/ delle polizze?\t\t\t<\/h4>\n\n\t\t<\/div>\n\n\t\t<div class='ewd-ufaq-clear'><\/div>\n\n\t<\/a>\n\t\n<\/div>\n\t\n\t<div class='ewd-ufaq-faq-body ewd-ufaq-hidden' >\n\n\t\t\n\t\t\t\n\t\t\n\t\t\t<div class='ewd-ufaq-post-margin ewd-ufaq-faq-post'>\n\t<p>L\u2019apertura del procedimento fallimentare comporta la revoca dell\u2019abilitazione della Gable Insurance AG all\u2019esercizio dell\u2019attivit\u00e0 assicurativa per il futuro. Ogni contraente d\u2019assicurazione ha il diritto, in forza della revoca dell\u2019abilitazione, a disdire immediatamente il contratto d\u2019assicurazione con la Gable Insurance AG. Anche se non si faccia ricorso al diritto di disdetta, il contratto assicurativo decadr\u00e0 quattro settimane dopo la comunicazione dell\u2019apertura del fallimento, che \u00e8 avvenuta il 18.11.2016. I contratti assicurativi con la Gable Insurance AG decadono quindi al pi\u00f9 tardi il 16.12.2016. Per i sinistri che si verificheranno dopo tale data, non dovrebbe essere pi\u00f9 garantita una copertura assicurativa.<\/p>\n<p>Si raccomanda urgentemente ai contraenti d\u2019assicurazione di verificare la loro copertura assicurativa e, a seconda delle circostanze, di provvedere a una nuova copertura.<\/p>\n<\/div>\n\t\t\n\t\t\t<div class='ewd-ufaq-faq-custom-fields'>\n\n\t\n<\/div>\n\t\t\n\t\t\t\n\t\t\n\t\t\t\n\t\t\n\t\t\t\n\t\t\n\t\t\t\n\t\t\n\t\t\t\n\t\t\n\t\t\t\n\t\t\n\t\t\t\n\t\t\n\t<\/div>\n\n<\/div><div  class=\"ewd-ufaq-faq-div ewd-ufaq-faq-column-count-one ewd-ufaq-faq-responsive-columns- ewd-ufaq-faq-display-style-one ewd-ufaq-can-be-toggled\" id='ewd-ufaq-post-1054-BKibuUa5nU' data-post_id='1054'>\n\n\t\t\n\t<div class='ewd-ufaq-faq-title ewd-ufaq-faq-toggle'>\n\t\n\t<a class='ewd-ufaq-post-margin'  href='#' role=\"button\">\n\n\t\t<div class='ewd-ufaq-post-margin-symbol ewd-ufaq-square'>\n\t\t\t<span >a<\/span>\n\t\t<\/div>\n\n\t\t<div class='ewd-ufaq-faq-title-text'>\n\n\t\t\t<h4>\n\t\t\t\tQual \u00e8 la situazione giuridica dei contraenti d&#8217;assicurazione e riguardo ad altri crediti derivanti da un contratto d&#8217;assicurazione?\t\t\t<\/h4>\n\n\t\t<\/div>\n\n\t\t<div class='ewd-ufaq-clear'><\/div>\n\n\t<\/a>\n\t\n<\/div>\n\t\n\t<div class='ewd-ufaq-faq-body ewd-ufaq-hidden' >\n\n\t\t\n\t\t\t\n\t\t\n\t\t\t<div class='ewd-ufaq-post-margin ewd-ufaq-faq-post'>\n\t<p>Con l&#8217;apertura della procedura fallimentare il 17.11.2016, la Gable Insurance AG \u00e8 stata privata della libera disponibilit\u00e0 dei suoi beni patrimoniali. Tutti i contratti d&#8217;assicurazione sono inclusi nella procedura fallimentare. Tutti i diritti e gli obblighi derivanti ai contraenti d&#8217;assicurazione della Gable Insurance AG dai loro contratti d&#8217;assicurazione sono interessati dalla procedura fallimentare. Di conseguenza, da quando \u00e8 stata aperta la procedura fallimentare, i contraenti d&#8217;assicurazione sono creditori della compagnia d&#8217;assicurazione fallita se vantano un credito nei confronti della compagnia d&#8217;assicurazione fallita derivante dal contratto d&#8217;assicurazione. I crediti dei contraenti d&#8217;assicurazione possono consistere o nei premi non ancora consumati o nella copertura dei sinistri.<\/p>\n<p>I crediti dei contraenti d&#8217;assicurazione ricevono un trattamento privilegiato nella procedura fallimentare qualora siano sorti da un sinistro. Le richieste di rimborso dei premi non ancora consumati godono di un trattamento privilegiato a condizione che il contratto d&#8217;assicurazione sia stato annullato prima dell&#8217;apertura della procedura fallimentare. I crediti riguardanti il rimborso dei premi non ancora consumati, sorti a seguito dell&#8217;apertura della procedura fallimentare e quindi in tale data o successivamente, non costituiscono crediti assicurativi privilegiati. Essi vengono trattati come crediti fallimentari di quarta classe.<\/p>\n<p>Le persone che non sono contraenti d&#8217;assicurazione ma che, in virt\u00f9 di un contratto d&#8217;assicurazione, vantano un credito nei confronti della Gable Insurance AG in qualit\u00e0 di assicurati o di beneficiari, sono anch&#8217;essi creditori della compagnia d&#8217;assicurazione fallita a partire dall&#8217;apertura della procedura fallimentare. I loro crediti ricevono un trattamento privilegiato nell&#8217;ambito della procedura fallimentare, in quanto derivanti da un sinistro. Lo stesso vale per i terzi danneggiati nella misura in cui essi hanno un diritto di azione diretta contro la Gable Insurance AG.<\/p>\n<p>La massa fallimentare accumulata con i premi assicurativi costituisce una massa speciale con la quale vengono soddisfatti in via prioritaria i crediti assicurativi privilegiati. I crediti fallimentari non privilegiati vengono soddisfatti solo dopo che i crediti assicurativi privilegiati sono stati pienamente saldati. Le persone che hanno diritti assicurativi privilegiati devono essere trattate allo stesso modo tra di loro.<\/p>\n<p>Per ora e fino a nuovo avviso, i crediti insinuati nell&#8217;ambito della procedura fallimentare, sia che si tratti di crediti assicurativi privilegiati che di crediti fallimentari non privilegiati, non possono essere soddisfatti. Il liquidatore deve prima accertare la massa fallimentare e successivamente deve recuperare gli attivi. Al contempo, devono essere accertati i debiti, il che richiede la verifica dei crediti insinuati. Poich\u00e9 questo processo richiede molto tempo nel caso di un grande numero di contraenti d&#8217;assicurazione e di altre persone che vantano crediti derivanti da contratti d&#8217;assicurazione e quindi di potenziali creditori della fallita, non \u00e8 al momento possibile accertare lo stato esatto della massa fallimentare. Pertanto, al momento non \u00e8 possibile valutare con quale quota (dividendo del fallimento) i creditori della fallita potranno essere soddisfatti. \u00c8 irrilevante in quale fase di elaborazione siano i vari sinistri. Indipendentemente dal fatto che un sinistro sia gi\u00e0 stato regolato (ma non ancora pagato) o non sia ancora avvenuto, tutti i crediti derivanti da contratti d&#8217;assicurazione devono essere trattati allo stesso modo all&#8217;interno della rispettiva classe. Tuttavia, i crediti assicurativi privilegiati hanno la priorit\u00e0 assoluta rispetto a tutti gli altri crediti. Essi vantano il diritto prioritario ad essere saldati separatamente dalla massa attiva speciale (massa speciale).<\/p>\n<\/div>\n\t\t\n\t\t\t<div class='ewd-ufaq-faq-custom-fields'>\n\n\t\n<\/div>\n\t\t\n\t\t\t\n\t\t\n\t\t\t\n\t\t\n\t\t\t\n\t\t\n\t\t\t\n\t\t\n\t\t\t\n\t\t\n\t\t\t\n\t\t\n\t\t\t\n\t\t\n\t<\/div>\n\n<\/div><div  class=\"ewd-ufaq-faq-div ewd-ufaq-faq-column-count-one ewd-ufaq-faq-responsive-columns- ewd-ufaq-faq-display-style-one ewd-ufaq-can-be-toggled\" id='ewd-ufaq-post-394-7Q8CwBFYcR' data-post_id='394'>\n\n\t\t\n\t<div class='ewd-ufaq-faq-title ewd-ufaq-faq-toggle'>\n\t\n\t<a class='ewd-ufaq-post-margin'  href='#' role=\"button\">\n\n\t\t<div class='ewd-ufaq-post-margin-symbol ewd-ufaq-square'>\n\t\t\t<span >a<\/span>\n\t\t<\/div>\n\n\t\t<div class='ewd-ufaq-faq-title-text'>\n\n\t\t\t<h4>\n\t\t\t\tDove posso denunciare il mio sinistro?\t\t\t<\/h4>\n\n\t\t<\/div>\n\n\t\t<div class='ewd-ufaq-clear'><\/div>\n\n\t<\/a>\n\t\n<\/div>\n\t\n\t<div class='ewd-ufaq-faq-body ewd-ufaq-hidden' >\n\n\t\t\n\t\t\t\n\t\t\n\t\t\t<div class='ewd-ufaq-post-margin ewd-ufaq-faq-post'>\n\t<p>Come nella pratica finora, potete denunciare il vostro sinistro presso il vostro broker. Se ci\u00f2 non fosse possibile, denunciatelo inviando una mail a <a href=\"mailto:Gable.Claims@Enstargroup.com\">Gable.Claims@Enstargroup.com<\/a>.<\/p>\n<\/div>\n\t\t\n\t\t\t<div class='ewd-ufaq-faq-custom-fields'>\n\n\t\n<\/div>\n\t\t\n\t\t\t\n\t\t\n\t\t\t\n\t\t\n\t\t\t\n\t\t\n\t\t\t\n\t\t\n\t\t\t\n\t\t\n\t\t\t\n\t\t\n\t\t\t\n\t\t\n\t<\/div>\n\n<\/div><div  class=\"ewd-ufaq-faq-div ewd-ufaq-faq-column-count-one ewd-ufaq-faq-responsive-columns- ewd-ufaq-faq-display-style-one ewd-ufaq-can-be-toggled\" id='ewd-ufaq-post-393-4qZeF0x8Ei' data-post_id='393'>\n\n\t\t\n\t<div class='ewd-ufaq-faq-title ewd-ufaq-faq-toggle'>\n\t\n\t<a class='ewd-ufaq-post-margin'  href='#' role=\"button\">\n\n\t\t<div class='ewd-ufaq-post-margin-symbol ewd-ufaq-square'>\n\t\t\t<span >a<\/span>\n\t\t<\/div>\n\n\t\t<div class='ewd-ufaq-faq-title-text'>\n\n\t\t\t<h4>\n\t\t\t\tDove posso insinuare il mio credito?\t\t\t<\/h4>\n\n\t\t<\/div>\n\n\t\t<div class='ewd-ufaq-clear'><\/div>\n\n\t<\/a>\n\t\n<\/div>\n\t\n\t<div class='ewd-ufaq-faq-body ewd-ufaq-hidden' >\n\n\t\t\n\t\t\t\n\t\t\n\t\t\t<div class='ewd-ufaq-post-margin ewd-ufaq-faq-post'>\n\t<p>Se il vostro credito (sinistro riconosciuto oppure rimborso del premio) non verr\u00e0 rimborsato da un istituto collettore del vostro paese, potete compilare il modulo elettronico di insinuazione dei crediti, che trovate nel nostro sito web <a href=\"http:\/\/www.gableinsurance.li\">www.gableinsurance.li<\/a>.<\/p>\n<\/div>\n\t\t\n\t\t\t<div class='ewd-ufaq-faq-custom-fields'>\n\n\t\n<\/div>\n\t\t\n\t\t\t\n\t\t\n\t\t\t\n\t\t\n\t\t\t\n\t\t\n\t\t\t\n\t\t\n\t\t\t\n\t\t\n\t\t\t\n\t\t\n\t\t\t\n\t\t\n\t<\/div>\n\n<\/div><div  class=\"ewd-ufaq-faq-div ewd-ufaq-faq-column-count-one ewd-ufaq-faq-responsive-columns- ewd-ufaq-faq-display-style-one ewd-ufaq-can-be-toggled\" id='ewd-ufaq-post-392-GkWkPBFCNG' data-post_id='392'>\n\n\t\t\n\t<div class='ewd-ufaq-faq-title ewd-ufaq-faq-toggle'>\n\t\n\t<a class='ewd-ufaq-post-margin'  href='#' role=\"button\">\n\n\t\t<div class='ewd-ufaq-post-margin-symbol ewd-ufaq-square'>\n\t\t\t<span >a<\/span>\n\t\t<\/div>\n\n\t\t<div class='ewd-ufaq-faq-title-text'>\n\n\t\t\t<h4>\n\t\t\t\tQuando posso prevedere che verr\u00e0 rimborsato il mio credito?\t\t\t<\/h4>\n\n\t\t<\/div>\n\n\t\t<div class='ewd-ufaq-clear'><\/div>\n\n\t<\/a>\n\t\n<\/div>\n\t\n\t<div class='ewd-ufaq-faq-body ewd-ufaq-hidden' >\n\n\t\t\n\t\t\t\n\t\t\n\t\t\t<div class='ewd-ufaq-post-margin ewd-ufaq-faq-post'>\n\t<p>Il fallimento della Gable Insurance AG riguarda circa 130.000 contraenti d\u2019assicurazione. La curatrice del fallimento \u00e8 tenuta, da un lato, a identificare tutti i creditori aventi diritto e, dall\u2019altro, a mettere al sicuro tutte le attivit\u00e0 della societ\u00e0. Questa procedura richieder\u00e0 molto tempo. Al momento attuale non \u00e8 possibile prevedere quando questo processo sar\u00e0 concluso.<\/p>\n<\/div>\n\t\t\n\t\t\t<div class='ewd-ufaq-faq-custom-fields'>\n\n\t\n<\/div>\n\t\t\n\t\t\t\n\t\t\n\t\t\t\n\t\t\n\t\t\t\n\t\t\n\t\t\t\n\t\t\n\t\t\t\n\t\t\n\t\t\t\n\t\t\n\t\t\t\n\t\t\n\t<\/div>\n\n<\/div><div  class=\"ewd-ufaq-faq-div ewd-ufaq-faq-column-count-one ewd-ufaq-faq-responsive-columns- ewd-ufaq-faq-display-style-one ewd-ufaq-can-be-toggled\" id='ewd-ufaq-post-1055-CNHhKyk60h' data-post_id='1055'>\n\n\t\t\n\t<div class='ewd-ufaq-faq-title ewd-ufaq-faq-toggle'>\n\t\n\t<a class='ewd-ufaq-post-margin'  href='#' role=\"button\">\n\n\t\t<div class='ewd-ufaq-post-margin-symbol ewd-ufaq-square'>\n\t\t\t<span >a<\/span>\n\t\t<\/div>\n\n\t\t<div class='ewd-ufaq-faq-title-text'>\n\n\t\t\t<h4>\n\t\t\t\tIl mio credito verr\u00e0 soddisfatto con una quota del 100%?\t\t\t<\/h4>\n\n\t\t<\/div>\n\n\t\t<div class='ewd-ufaq-clear'><\/div>\n\n\t<\/a>\n\t\n<\/div>\n\t\n\t<div class='ewd-ufaq-faq-body ewd-ufaq-hidden' >\n\n\t\t\n\t\t\t\n\t\t\n\t\t\t<div class='ewd-ufaq-post-margin ewd-ufaq-faq-post'>\n\t<p>La risposta a questa domanda dipende in primo luogo dal fatto se rivendicate o meno un credito assicurativo. Un credito \u00e8 di tipo assicurativo se lei, in qualit\u00e0 di contraente, beneficiario, assicurato o terzo danneggiato con diritto di azione diretta contro la Gable Insurance AG, fa valere un credito derivante da un sinistro o se il vostro credito riguarda un premio dovuto riguardante un contratto d&#8217;assicurazione annullato prima dell&#8217;apertura della procedura fallimentare. I crediti assicurativi sono crediti privilegiati. Ci\u00f2 significa che verranno soddisfatti prima di ogni altro credito.<\/p>\n<p>Se il vostro credito \u00e8 un credito riguardante il rimborso di premi non ancora consumati, sorti a seguito dell&#8217;apertura della procedura fallimentare e quindi a partire da tale data o dopo tale data, esso non costituisce un credito assicurativo privilegiato, bens\u00ec un credito fallimentare di quarta classe. I crediti fallimentari non privilegiati verranno soddisfatti solo quando i crediti assicurativi privilegiati saranno pienamente saldati.<\/p>\n<p>Se il vostro credito potr\u00e0 essere saldato e in quale percentuale dipende inoltre dal fatto se gli attivi residui della societ\u00e0 saranno sufficienti. Purtroppo, al momento attuale non \u00e8 possibile rilasciare alcuna dichiarazione al riguardo.<\/p>\n<\/div>\n\t\t\n\t\t\t<div class='ewd-ufaq-faq-custom-fields'>\n\n\t\n<\/div>\n\t\t\n\t\t\t\n\t\t\n\t\t\t\n\t\t\n\t\t\t\n\t\t\n\t\t\t\n\t\t\n\t\t\t\n\t\t\n\t\t\t\n\t\t\n\t\t\t\n\t\t\n\t<\/div>\n\n<\/div><div  class=\"ewd-ufaq-faq-div ewd-ufaq-faq-column-count-one ewd-ufaq-faq-responsive-columns- ewd-ufaq-faq-display-style-one ewd-ufaq-can-be-toggled\" id='ewd-ufaq-post-390-mRP68mlRGo' data-post_id='390'>\n\n\t\t\n\t<div class='ewd-ufaq-faq-title ewd-ufaq-faq-toggle'>\n\t\n\t<a class='ewd-ufaq-post-margin'  href='#' role=\"button\">\n\n\t\t<div class='ewd-ufaq-post-margin-symbol ewd-ufaq-square'>\n\t\t\t<span >a<\/span>\n\t\t<\/div>\n\n\t\t<div class='ewd-ufaq-faq-title-text'>\n\n\t\t\t<h4>\n\t\t\t\tPosso rivolgermi a un fondo di garanzia per rivendicare il mio credito?\t\t\t<\/h4>\n\n\t\t<\/div>\n\n\t\t<div class='ewd-ufaq-clear'><\/div>\n\n\t<\/a>\n\t\n<\/div>\n\t\n\t<div class='ewd-ufaq-faq-body ewd-ufaq-hidden' >\n\n\t\t\n\t\t\t\n\t\t\n\t\t\t<div class='ewd-ufaq-post-margin ewd-ufaq-faq-post'>\n\t<p>Questo dipende da quale tipo di assicurazione avevate stipulato con la Gable Insurance AG e in quale paese siete domiciliati.<\/p>\n<p>Nel nostro sito web, che \u00e8 indicato sopra, alla voce &#8220;Nationale Auffangeinrichtungen&#8221; troverete una corrispondente panoramica dei diversi fondi di garanzia.<\/p>\n<\/div>\n\t\t\n\t\t\t<div class='ewd-ufaq-faq-custom-fields'>\n\n\t\n<\/div>\n\t\t\n\t\t\t\n\t\t\n\t\t\t\n\t\t\n\t\t\t\n\t\t\n\t\t\t\n\t\t\n\t\t\t\n\t\t\n\t\t\t\n\t\t\n\t\t\t\n\t\t\n\t<\/div>\n\n<\/div><div  class=\"ewd-ufaq-faq-div ewd-ufaq-faq-column-count-one ewd-ufaq-faq-responsive-columns- ewd-ufaq-faq-display-style-one ewd-ufaq-can-be-toggled\" id='ewd-ufaq-post-386-Wgg5agl5Ah' data-post_id='386'>\n\n\t\t\n\t<div class='ewd-ufaq-faq-title ewd-ufaq-faq-toggle'>\n\t\n\t<a class='ewd-ufaq-post-margin'  href='#' role=\"button\">\n\n\t\t<div class='ewd-ufaq-post-margin-symbol ewd-ufaq-square'>\n\t\t\t<span >a<\/span>\n\t\t<\/div>\n\n\t\t<div class='ewd-ufaq-faq-title-text'>\n\n\t\t\t<h4>\n\t\t\t\tCome verr\u00f2 informato in seguito riguardo l\u2019andamento del fallimento?\t\t\t<\/h4>\n\n\t\t<\/div>\n\n\t\t<div class='ewd-ufaq-clear'><\/div>\n\n\t<\/a>\n\t\n<\/div>\n\t\n\t<div class='ewd-ufaq-faq-body ewd-ufaq-hidden' >\n\n\t\t\n\t\t\t\n\t\t\n\t\t\t<div class='ewd-ufaq-post-margin ewd-ufaq-faq-post'>\n\t<p>Vi preghiamo di iscrivervi alla nostra newsletter: <a href=\"http:\/\/www.gableinsurance.li\/register-for-newsletter\/\">www.gableinsurance.li\/register-for-newsletter\/<\/a>. In tal modo vi assicurerete di essere sempre aggiornati sugli sviluppi attuali e sugli avvenimenti futuri nel procedimento di fallimento della Gable Insurance AG.<\/p>\n<\/div>\n\t\t\n\t\t\t<div class='ewd-ufaq-faq-custom-fields'>\n\n\t\n<\/div>\n\t\t\n\t\t\t\n\t\t\n\t\t\t\n\t\t\n\t\t\t\n\t\t\n\t\t\t\n\t\t\n\t\t\t\n\t\t\n\t\t\t\n\t\t\n\t\t\t\n\t\t\n\t<\/div>\n\n<\/div>\n\t<\/div>\n\n\t\n<\/div>\n","protected":false},"excerpt":{"rendered":"<p>A Come verr\u00f2 informato in seguito riguardo l\u2019andamento del fallimento? Vi preghiamo di iscrivervi alla nostra newsletter: www.gableinsurance.li\/register-for-newsletter\/. In tal modo vi assicurerete di essere sempre aggiornati sugli sviluppi attuali e sugli avvenimenti futuri nel procedimento di fallimento della Gable Insurance AG.<\/p>\n","protected":false},"author":3,"featured_media":0,"parent":9,"menu_order":0,"comment_status":"closed","ping_status":"closed","template":"","meta":{"footnotes":""},"class_list":["post-350","page","type-page","status-publish","hentry"],"translation":{"provider":"WPGlobus","version":"3.0.2","language":"it","enabled_languages":["de","en","it","fr"],"languages":{"de":{"title":true,"content":true,"excerpt":false},"en":{"title":true,"content":true,"excerpt":false},"it":{"title":true,"content":true,"excerpt":false},"fr":{"title":true,"content":true,"excerpt":false}}},"_links":{"self":[{"href":"https:\/\/gableinsurance.li\/it\/wp-json\/wp\/v2\/pages\/350","targetHints":{"allow":["GET"]}}],"collection":[{"href":"https:\/\/gableinsurance.li\/it\/wp-json\/wp\/v2\/pages"}],"about":[{"href":"https:\/\/gableinsurance.li\/it\/wp-json\/wp\/v2\/types\/page"}],"author":[{"embeddable":true,"href":"https:\/\/gableinsurance.li\/it\/wp-json\/wp\/v2\/users\/3"}],"replies":[{"embeddable":true,"href":"https:\/\/gableinsurance.li\/it\/wp-json\/wp\/v2\/comments?post=350"}],"version-history":[{"count":10,"href":"https:\/\/gableinsurance.li\/it\/wp-json\/wp\/v2\/pages\/350\/revisions"}],"predecessor-version":[{"id":1068,"href":"https:\/\/gableinsurance.li\/it\/wp-json\/wp\/v2\/pages\/350\/revisions\/1068"}],"up":[{"embeddable":true,"href":"https:\/\/gableinsurance.li\/it\/wp-json\/wp\/v2\/pages\/9"}],"wp:attachment":[{"href":"https:\/\/gableinsurance.li\/it\/wp-json\/wp\/v2\/media?parent=350"}],"curies":[{"name":"wp","href":"https:\/\/api.w.org\/{rel}","templated":true}]}}