{"id":353,"date":"2017-07-25T13:15:09","date_gmt":"2017-07-25T13:15:09","guid":{"rendered":"http:\/\/gableinsurance.li\/?page_id=353"},"modified":"2020-05-18T06:09:17","modified_gmt":"2020-05-18T06:09:17","slug":"faq-for-non-policyholders","status":"publish","type":"page","link":"https:\/\/gableinsurance.li\/fr\/faq\/faq-for-non-policyholders\/","title":{"rendered":"FAQ \u2013 Autres cr\u00e9ances"},"content":{"rendered":"<style>    <\/style><div  class=\"ewd-ufaq-faq-list ewd-ufaq-page-type-load_more ewd-ufaq-category-tabs-\" id='ewd-ufaq-faq-list'>\n\n\t<input type='hidden' name='show_on_load' value='' id='ewd-ufaq-show-on-load' \/>\n<input type='hidden' name='include_category' value='for-non-policy-holders-fr' id='ewd-ufaq-include-category' \/>\n<input type='hidden' name='exclude_category' value='' id='ewd-ufaq-exclude-category' \/>\n<input type='hidden' name='orderby' value='date' id='ewd-ufaq-orderby' \/>\n<input type='hidden' name='order' value='desc' id='ewd-ufaq-order' \/>\n<input type='hidden' name='post_count' value='-1' id='ewd-ufaq-post-count' \/>\n<input type='hidden' name='current_url' value='\/fr\/wp-json\/wp\/v2\/pages\/353' id='ewd-ufaq-current-url' \/>\n\t\n\t\n\t<div class='ewd-ufaq-faqs'>\n\n\t\t<div  class=\"ewd-ufaq-faq-div ewd-ufaq-faq-column-count-one ewd-ufaq-faq-responsive-columns- ewd-ufaq-faq-display-style-one ewd-ufaq-can-be-toggled\" id='ewd-ufaq-post-406-c8N10AobS5' data-post_id='406'>\n\n\t\t\n\t<div class='ewd-ufaq-faq-title ewd-ufaq-faq-toggle'>\n\t\n\t<a class='ewd-ufaq-post-margin'  href='#' role=\"button\">\n\n\t\t<div class='ewd-ufaq-post-margin-symbol ewd-ufaq-square'>\n\t\t\t<span >a<\/span>\n\t\t<\/div>\n\n\t\t<div class='ewd-ufaq-faq-title-text'>\n\n\t\t\t<h4>\n\t\t\t\tO\u00f9 puis-je produire ma cr\u00e9ance?\t\t\t<\/h4>\n\n\t\t<\/div>\n\n\t\t<div class='ewd-ufaq-clear'><\/div>\n\n\t<\/a>\n\t\n<\/div>\n\t\n\t<div class='ewd-ufaq-faq-body ewd-ufaq-hidden' >\n\n\t\t\n\t\t\t\n\t\t\n\t\t\t<div class='ewd-ufaq-post-margin ewd-ufaq-faq-post'>\n\t<p>Pour produire votre cr\u00e9ance (sans rapport avec une police d\u2019assurance), veuillez utiliser le formulaire \u00e9lectronique de production de cr\u00e9ance \u00e0 disposition sur notre site web: <a href=\"http:\/\/www.gableinsurance.li\">www.gableinsurance.li<\/a>.<\/p>\n<\/div>\n\t\t\n\t\t\t<div class='ewd-ufaq-faq-custom-fields'>\n\n\t\n<\/div>\n\t\t\n\t\t\t\n\t\t\n\t\t\t\n\t\t\n\t\t\t\n\t\t\n\t\t\t\n\t\t\n\t\t\t\n\t\t\n\t\t\t\n\t\t\n\t\t\t\n\t\t\n\t<\/div>\n\n<\/div><div  class=\"ewd-ufaq-faq-div ewd-ufaq-faq-column-count-one ewd-ufaq-faq-responsive-columns- ewd-ufaq-faq-display-style-one ewd-ufaq-can-be-toggled\" id='ewd-ufaq-post-405-A4ExsozALh' data-post_id='405'>\n\n\t\t\n\t<div class='ewd-ufaq-faq-title ewd-ufaq-faq-toggle'>\n\t\n\t<a class='ewd-ufaq-post-margin'  href='#' role=\"button\">\n\n\t\t<div class='ewd-ufaq-post-margin-symbol ewd-ufaq-square'>\n\t\t\t<span >a<\/span>\n\t\t<\/div>\n\n\t\t<div class='ewd-ufaq-faq-title-text'>\n\n\t\t\t<h4>\n\t\t\t\t\u00c0 quel moment ma cr\u00e9ance sera-t-elle pay\u00e9e?\t\t\t<\/h4>\n\n\t\t<\/div>\n\n\t\t<div class='ewd-ufaq-clear'><\/div>\n\n\t<\/a>\n\t\n<\/div>\n\t\n\t<div class='ewd-ufaq-faq-body ewd-ufaq-hidden' >\n\n\t\t\n\t\t\t\n\t\t\n\t\t\t<div class='ewd-ufaq-post-margin ewd-ufaq-faq-post'>\n\t<p>Environ 130&rsquo;000 preneurs d\u2019assurance sont concern\u00e9s par la faillite de Gable Insurance AG. L\u2019administratrice judiciaire est tenue, d\u2019une part, d\u2019identifier tous les cr\u00e9anciers ayants droit et, d\u2019autre part, de mettre en s\u00e9curit\u00e9 tous les actifs de la soci\u00e9t\u00e9. Cela exige beaucoup de temps. Pour le moment, il est impossible de dire \u00e0 quel moment ce processus sera termin\u00e9.<\/p>\n<\/div>\n\t\t\n\t\t\t<div class='ewd-ufaq-faq-custom-fields'>\n\n\t\n<\/div>\n\t\t\n\t\t\t\n\t\t\n\t\t\t\n\t\t\n\t\t\t\n\t\t\n\t\t\t\n\t\t\n\t\t\t\n\t\t\n\t\t\t\n\t\t\n\t\t\t\n\t\t\n\t<\/div>\n\n<\/div><div  class=\"ewd-ufaq-faq-div ewd-ufaq-faq-column-count-one ewd-ufaq-faq-responsive-columns- ewd-ufaq-faq-display-style-one ewd-ufaq-can-be-toggled\" id='ewd-ufaq-post-1053-Tqe8nhsfIU' data-post_id='1053'>\n\n\t\t\n\t<div class='ewd-ufaq-faq-title ewd-ufaq-faq-toggle'>\n\t\n\t<a class='ewd-ufaq-post-margin'  href='#' role=\"button\">\n\n\t\t<div class='ewd-ufaq-post-margin-symbol ewd-ufaq-square'>\n\t\t\t<span >a<\/span>\n\t\t<\/div>\n\n\t\t<div class='ewd-ufaq-faq-title-text'>\n\n\t\t\t<h4>\n\t\t\t\tMa cr\u00e9ance sera-t-elle pay\u00e9e \u00e0 100 %\u00a0?\t\t\t<\/h4>\n\n\t\t<\/div>\n\n\t\t<div class='ewd-ufaq-clear'><\/div>\n\n\t<\/a>\n\t\n<\/div>\n\t\n\t<div class='ewd-ufaq-faq-body ewd-ufaq-hidden' >\n\n\t\t\n\t\t\t\n\t\t\n\t\t\t<div class='ewd-ufaq-post-margin ewd-ufaq-faq-post'>\n\t<p>Si vous n\u2019\u00eates pas preneur d\u2019assurance ni n\u2019avez, en tant que b\u00e9n\u00e9ficiaire ou assur\u00e9, de cr\u00e9ance r\u00e9sultant d\u2019un contrat d\u2019assurance ni n&rsquo;\u00eates un tiers l\u00e9s\u00e9 ayant un droit d&rsquo;action directe contre Gable Insurance, votre cr\u00e9ance n\u2019est pas trait\u00e9e de mani\u00e8re privil\u00e9gi\u00e9e dans la proc\u00e9dure de faillite. Les cr\u00e9ances de faillite non privil\u00e9gi\u00e9es ne sont pay\u00e9es qu\u2019apr\u00e8s le paiement int\u00e9gral des cr\u00e9ances d\u2019assurance privil\u00e9gi\u00e9es.<\/p>\n<p>Le paiement de votre cr\u00e9ance et le pourcentage d\u00e9pendent en outre de la question de savoir si les actifs de la soci\u00e9t\u00e9 restant apr\u00e8s le d\u00e9sint\u00e9ressement des preneurs d\u2019assurance suffisent \u00e0 vous payer. Pour le moment, il est malheureusement impossible de le dire.<\/p>\n<\/div>\n\t\t\n\t\t\t<div class='ewd-ufaq-faq-custom-fields'>\n\n\t\n<\/div>\n\t\t\n\t\t\t\n\t\t\n\t\t\t\n\t\t\n\t\t\t\n\t\t\n\t\t\t\n\t\t\n\t\t\t\n\t\t\n\t\t\t\n\t\t\n\t\t\t\n\t\t\n\t<\/div>\n\n<\/div><div  class=\"ewd-ufaq-faq-div ewd-ufaq-faq-column-count-one ewd-ufaq-faq-responsive-columns- ewd-ufaq-faq-display-style-one ewd-ufaq-can-be-toggled\" id='ewd-ufaq-post-403-z8TeJ51bQi' data-post_id='403'>\n\n\t\t\n\t<div class='ewd-ufaq-faq-title ewd-ufaq-faq-toggle'>\n\t\n\t<a class='ewd-ufaq-post-margin'  href='#' role=\"button\">\n\n\t\t<div class='ewd-ufaq-post-margin-symbol ewd-ufaq-square'>\n\t\t\t<span >a<\/span>\n\t\t<\/div>\n\n\t\t<div class='ewd-ufaq-faq-title-text'>\n\n\t\t\t<h4>\n\t\t\t\tComment rester inform\u00e9(e) du d\u00e9roulement de la proc\u00e9dure de faillite ?\t\t\t<\/h4>\n\n\t\t<\/div>\n\n\t\t<div class='ewd-ufaq-clear'><\/div>\n\n\t<\/a>\n\t\n<\/div>\n\t\n\t<div class='ewd-ufaq-faq-body ewd-ufaq-hidden' >\n\n\t\t\n\t\t\t\n\t\t\n\t\t\t<div class='ewd-ufaq-post-margin ewd-ufaq-faq-post'>\n\t<p>Veuillez vous abonner \u00e0 notre newsletter\u00a0: <a href=\"http:\/\/www.gableinsurance.li\/register-for-newsletter\/\">www.gableinsurance.li\/register-for-newsletter\/<\/a> . Ainsi, vous serez tenu(e) inform\u00e9(e) des \u00e9volutions actuelles et des \u00e9tapes suivantes de la proc\u00e9dure de faillite concernant Gable Insurance AG.<\/p>\n<\/div>\n\t\t\n\t\t\t<div class='ewd-ufaq-faq-custom-fields'>\n\n\t\n<\/div>\n\t\t\n\t\t\t\n\t\t\n\t\t\t\n\t\t\n\t\t\t\n\t\t\n\t\t\t\n\t\t\n\t\t\t\n\t\t\n\t\t\t\n\t\t\n\t\t\t\n\t\t\n\t<\/div>\n\n<\/div><div  class=\"ewd-ufaq-faq-div ewd-ufaq-faq-column-count-one ewd-ufaq-faq-responsive-columns- ewd-ufaq-faq-display-style-one ewd-ufaq-can-be-toggled\" id='ewd-ufaq-post-426-MdV7gvdLo5' data-post_id='426'>\n\n\t\t\n\t<div class='ewd-ufaq-faq-title ewd-ufaq-faq-toggle'>\n\t\n\t<a class='ewd-ufaq-post-margin'  href='#' role=\"button\">\n\n\t\t<div class='ewd-ufaq-post-margin-symbol ewd-ufaq-square'>\n\t\t\t<span >a<\/span>\n\t\t<\/div>\n\n\t\t<div class='ewd-ufaq-faq-title-text'>\n\n\t\t\t<h4>\n\t\t\t\tPour courtiers: Une d\u00e9claration de compensation est-elle possible?\t\t\t<\/h4>\n\n\t\t<\/div>\n\n\t\t<div class='ewd-ufaq-clear'><\/div>\n\n\t<\/a>\n\t\n<\/div>\n\t\n\t<div class='ewd-ufaq-faq-body ewd-ufaq-hidden' >\n\n\t\t\n\t\t\t\n\t\t\n\t\t\t<div class='ewd-ufaq-post-margin ewd-ufaq-faq-post'>\n\t<p>Selon les informations, dont lesquelles l\u2019administratrice judiciaire dispose actuellement, les interm\u00e9diaires d\u2019assurance ont encaiss\u00e9 les primes des preneurs d\u2019assurance. Les primes d\u2019assurance font partie de la masse de la faillite et reviennent donc \u00e0 la faillie pour une r\u00e9partition \u00e9gale entre les cr\u00e9anciers. Les interm\u00e9diaires d\u2019assurance n\u2019ont pas le droit de retenir ces valeurs patrimoniales respectivement de les compenser avec leurs propres cr\u00e9ances et ils ont encore moins le droit de les utiliser pour payer des sinistres. Les interm\u00e9diaires d\u2019assurance sont invit\u00e9s \u00e0 pr\u00e9senter des d\u00e9comptes et \u00e0 veiller \u00e0 ce que les valeurs patrimoniales soient transf\u00e9r\u00e9es \u00e0 la faillie.<\/p>\n<\/div>\n\t\t\n\t\t\t<div class='ewd-ufaq-faq-custom-fields'>\n\n\t\n<\/div>\n\t\t\n\t\t\t\n\t\t\n\t\t\t\n\t\t\n\t\t\t\n\t\t\n\t\t\t\n\t\t\n\t\t\t\n\t\t\n\t\t\t\n\t\t\n\t\t\t\n\t\t\n\t<\/div>\n\n<\/div>\n\t<\/div>\n\n\t\n<\/div>\n","protected":false},"excerpt":{"rendered":"<p>A Pour courtiers: Une d\u00e9claration de compensation est-elle possible? Selon les informations, dont lesquelles l\u2019administratrice judiciaire dispose actuellement, les interm\u00e9diaires d\u2019assurance ont encaiss\u00e9 les primes des preneurs d\u2019assurance. Les primes d\u2019assurance font partie de la masse de la faillite et reviennent donc \u00e0 la faillie pour une r\u00e9partition \u00e9gale entre les cr\u00e9anciers. Les interm\u00e9diaires d\u2019assurance [&hellip;]<\/p>\n","protected":false},"author":3,"featured_media":0,"parent":9,"menu_order":0,"comment_status":"closed","ping_status":"closed","template":"","meta":{"footnotes":""},"class_list":["post-353","page","type-page","status-publish","hentry"],"translation":{"provider":"WPGlobus","version":"3.0.2","language":"fr","enabled_languages":["de","en","it","fr"],"languages":{"de":{"title":true,"content":true,"excerpt":false},"en":{"title":true,"content":true,"excerpt":false},"it":{"title":true,"content":true,"excerpt":false},"fr":{"title":true,"content":true,"excerpt":false}}},"_links":{"self":[{"href":"https:\/\/gableinsurance.li\/fr\/wp-json\/wp\/v2\/pages\/353","targetHints":{"allow":["GET"]}}],"collection":[{"href":"https:\/\/gableinsurance.li\/fr\/wp-json\/wp\/v2\/pages"}],"about":[{"href":"https:\/\/gableinsurance.li\/fr\/wp-json\/wp\/v2\/types\/page"}],"author":[{"embeddable":true,"href":"https:\/\/gableinsurance.li\/fr\/wp-json\/wp\/v2\/users\/3"}],"replies":[{"embeddable":true,"href":"https:\/\/gableinsurance.li\/fr\/wp-json\/wp\/v2\/comments?post=353"}],"version-history":[{"count":9,"href":"https:\/\/gableinsurance.li\/fr\/wp-json\/wp\/v2\/pages\/353\/revisions"}],"predecessor-version":[{"id":1069,"href":"https:\/\/gableinsurance.li\/fr\/wp-json\/wp\/v2\/pages\/353\/revisions\/1069"}],"up":[{"embeddable":true,"href":"https:\/\/gableinsurance.li\/fr\/wp-json\/wp\/v2\/pages\/9"}],"wp:attachment":[{"href":"https:\/\/gableinsurance.li\/fr\/wp-json\/wp\/v2\/media?parent=353"}],"curies":[{"name":"wp","href":"https:\/\/api.w.org\/{rel}","templated":true}]}}