{"id":350,"date":"2017-07-25T13:14:21","date_gmt":"2017-07-25T13:14:21","guid":{"rendered":"http:\/\/gableinsurance.li\/?page_id=350"},"modified":"2020-05-08T14:34:25","modified_gmt":"2020-05-08T14:34:25","slug":"faq-for-policyholders","status":"publish","type":"page","link":"https:\/\/gableinsurance.li\/fr\/faq\/faq-for-policyholders\/","title":{"rendered":"FAQ \u2013 Cr\u00e9ances r\u00e9sultant d\u2019un contrat d\u2019assurance"},"content":{"rendered":"<style>    <\/style><div  class=\"ewd-ufaq-faq-list ewd-ufaq-page-type-load_more ewd-ufaq-category-tabs-\" id='ewd-ufaq-faq-list'>\n\n\t<input type='hidden' name='show_on_load' value='' id='ewd-ufaq-show-on-load' \/>\n<input type='hidden' name='include_category' value='for-policy-holders-fr' id='ewd-ufaq-include-category' \/>\n<input type='hidden' name='exclude_category' value='' id='ewd-ufaq-exclude-category' \/>\n<input type='hidden' name='orderby' value='date' id='ewd-ufaq-orderby' \/>\n<input type='hidden' name='order' value='desc' id='ewd-ufaq-order' \/>\n<input type='hidden' name='post_count' value='-1' id='ewd-ufaq-post-count' \/>\n<input type='hidden' name='current_url' value='\/fr\/wp-json\/wp\/v2\/pages\/350' id='ewd-ufaq-current-url' \/>\n\t\n\t\n\t<div class='ewd-ufaq-faqs'>\n\n\t\t<div  class=\"ewd-ufaq-faq-div ewd-ufaq-faq-column-count-one ewd-ufaq-faq-responsive-columns- ewd-ufaq-faq-display-style-one ewd-ufaq-can-be-toggled\" id='ewd-ufaq-post-425-NdaP5zJuCf' data-post_id='425'>\n\n\t\t\n\t<div class='ewd-ufaq-faq-title ewd-ufaq-faq-toggle'>\n\t\n\t<a class='ewd-ufaq-post-margin'  href='#' role=\"button\">\n\n\t\t<div class='ewd-ufaq-post-margin-symbol ewd-ufaq-square'>\n\t\t\t<span >a<\/span>\n\t\t<\/div>\n\n\t\t<div class='ewd-ufaq-faq-title-text'>\n\n\t\t\t<h4>\n\t\t\t\tQuel est le sort r\u00e9serv\u00e9 aux contrats d\u2019assurance \/ polices?\t\t\t<\/h4>\n\n\t\t<\/div>\n\n\t\t<div class='ewd-ufaq-clear'><\/div>\n\n\t<\/a>\n\t\n<\/div>\n\t\n\t<div class='ewd-ufaq-faq-body ewd-ufaq-hidden' >\n\n\t\t\n\t\t\t\n\t\t\n\t\t\t<div class='ewd-ufaq-post-margin ewd-ufaq-faq-post'>\n\t<p>L\u2019ouverture de la faillite entra\u00eene pour Gable Insurance AG le retrait de l\u2019autorisation d\u2019exercer une activit\u00e9 d\u2019assurance. Du fait du retrait de l\u2019autorisation, chaque preneur d\u2019assurance est en droit de r\u00e9silier imm\u00e9diatement le contrat d\u2019assurance conclu avec Gable Insurance AG. S\u2019il n\u2019a pas fait usage de ce droit de r\u00e9siliation, le contrat d\u2019assurance prend fin quatre semaines apr\u00e8s la publication de la faillite, laquelle a eu lieu le 18.11.2016. Les contrats d\u2019assurance conclus avec Gable Insurance AG prennent donc fin le 16.12.2016 au plus tard. La couverture d\u2019assurance des sinistres post\u00e9rieurs \u00e0 cette date ne devrait plus \u00eatre garantie.<\/p>\n<p>Il est \u00a0fortement recommand\u00e9 aux preneurs d\u2019assurance de v\u00e9rifier leur couverture d\u2019assurance et, selon les circonstances, de faire le n\u00e9cessaire pour obtenir une nouvelle couverture d\u2019assurance<\/p>\n<\/div>\n\t\t\n\t\t\t<div class='ewd-ufaq-faq-custom-fields'>\n\n\t\n<\/div>\n\t\t\n\t\t\t\n\t\t\n\t\t\t\n\t\t\n\t\t\t\n\t\t\n\t\t\t\n\t\t\n\t\t\t\n\t\t\n\t\t\t\n\t\t\n\t\t\t\n\t\t\n\t<\/div>\n\n<\/div><div  class=\"ewd-ufaq-faq-div ewd-ufaq-faq-column-count-one ewd-ufaq-faq-responsive-columns- ewd-ufaq-faq-display-style-one ewd-ufaq-can-be-toggled\" id='ewd-ufaq-post-1051-LlWf5xZizK' data-post_id='1051'>\n\n\t\t\n\t<div class='ewd-ufaq-faq-title ewd-ufaq-faq-toggle'>\n\t\n\t<a class='ewd-ufaq-post-margin'  href='#' role=\"button\">\n\n\t\t<div class='ewd-ufaq-post-margin-symbol ewd-ufaq-square'>\n\t\t\t<span >a<\/span>\n\t\t<\/div>\n\n\t\t<div class='ewd-ufaq-faq-title-text'>\n\n\t\t\t<h4>\n\t\t\t\tQuelle est la situation juridique des preneurs d\u2019assurance et des autres cr\u00e9ances r\u00e9sultant d\u2019un contrat d\u2019assurance\u00a0?\t\t\t<\/h4>\n\n\t\t<\/div>\n\n\t\t<div class='ewd-ufaq-clear'><\/div>\n\n\t<\/a>\n\t\n<\/div>\n\t\n\t<div class='ewd-ufaq-faq-body ewd-ufaq-hidden' >\n\n\t\t\n\t\t\t\n\t\t\n\t\t\t<div class='ewd-ufaq-post-margin ewd-ufaq-faq-post'>\n\t<p>L\u2019ouverture de la faillite intervenue le 17.11.2016 entra\u00eene pour Gable Insurance AG le retrait du droit de disposer librement de ses valeurs patrimoniales. Tous les contrats d\u2019assurance sont concern\u00e9s par la faillite. Tous les droits et obligations des preneurs d\u2019assurance d\u00e9coulant des contrats d\u2019assurance conclus avec Gable Insurance AG sont concern\u00e9s par la faillite. Cela a pour cons\u00e9quence que, d\u00e8s l\u2019ouverture de la faillite, les preneurs d\u2019assurance sont cr\u00e9anciers de la soci\u00e9t\u00e9 d\u2019assurance faillie s\u2019ils ont envers celle-ci une cr\u00e9ance r\u00e9sultant du contrat d\u2019assurance. La cr\u00e9ance des preneurs d\u2019assurance peut porter sur les primes non utilis\u00e9es ou sur la couverture de sinistres.<\/p>\n<p>Les cr\u00e9ances des preneurs d\u2019assurance sont trait\u00e9es de mani\u00e8re privil\u00e9gi\u00e9e dans la proc\u00e9dure de faillite si elles sont n\u00e9es d\u2019un sinistre. Les cr\u00e9ances en remboursement de primes non utilis\u00e9es sont trait\u00e9es de mani\u00e8re privil\u00e9gi\u00e9e si le contrat d\u2019assurance a \u00e9t\u00e9 r\u00e9sili\u00e9 avant l\u2019ouverture de la proc\u00e9dure de faillite. Les cr\u00e9ances en remboursement de primes non utilis\u00e9es n\u00e9es de l\u2019ouverture de la proc\u00e9dure de faillite et ainsi \u00e0 ce moment-l\u00e0 respectivement ult\u00e9rieurement ne constituent pas des cr\u00e9ances d\u2019assurance privil\u00e9gi\u00e9es. Elles sont trait\u00e9es comme des cr\u00e9ances de faillite de quatri\u00e8me classe.<\/p>\n<p>Les personnes n\u2019\u00e9tant pas des preneurs d\u2019assurance, mais ayant, en tant qu&rsquo;assur\u00e9s ou b\u00e9n\u00e9ficiaires, une cr\u00e9ance r\u00e9sultant d\u2019un contrat d\u2019assurance envers Gable Insurance AG sont \u00e9galement, d\u00e8s l\u2019ouverture de la proc\u00e9dure de faillite, cr\u00e9anciers de la soci\u00e9t\u00e9 d\u2019assurance faillie. Leurs cr\u00e9ances sont trait\u00e9es de mani\u00e8re privil\u00e9gi\u00e9e dans la proc\u00e9dure de faillite, d\u00e8s lors qu\u2019elles sont n\u00e9es d\u2019un sinistre. Il en va de m\u00eame pour les tiers l\u00e9s\u00e9s dans la mesure o\u00f9 ils disposent d&rsquo;un droit d&rsquo;action directe contre Gable Insurance AG.<\/p>\n<p>Les actifs de la faillite provenant des primes d\u2019assurance forment une masse distincte affect\u00e9e au paiement prioritaire des cr\u00e9ances d\u2019assurance privil\u00e9gi\u00e9es. Les cr\u00e9ances de faillite non privil\u00e9gi\u00e9es ne sont pay\u00e9es qu\u2019apr\u00e8s le paiement int\u00e9gral des cr\u00e9ances d\u2019assurance privil\u00e9gi\u00e9es. Les personnes ayant des cr\u00e9ances d\u2019assurance privil\u00e9gi\u00e9es concourent entre elles \u00e0 droits \u00e9gaux.<\/p>\n<p>Pour le moment et jusqu\u2019\u00e0 nouvel ordre, les cr\u00e9ances d\u00e9clar\u00e9es dans la proc\u00e9dure de faillite, qu\u2019il s\u2019agisse de cr\u00e9ances d\u2019assurance privil\u00e9gi\u00e9es ou de cr\u00e9ances de faillite non privil\u00e9gi\u00e9es, ne peuvent pas \u00eatre pay\u00e9es. Tout d\u2019abord, l\u2019administratrice judiciaire doit proc\u00e9der \u00e0 la d\u00e9termination des actifs de la faillite. Par la suite, elle doit essayer d\u2019obtenir le recouvrement de ceux-ci. En m\u00eame temps, il faut proc\u00e9der \u00e0 la d\u00e9termination des dettes en examinant les cr\u00e9ances produites. Comme ce processus exige beaucoup de temps, compte tenu du grand nombre de preneurs d\u2019assurance et d\u2019autres personnes ayant des cr\u00e9ances r\u00e9sultant d\u2019un contrat d\u2019assurance et ainsi de cr\u00e9anciers potentiels de la faillie, il est pour le moment impossible de d\u00e9terminer pr\u00e9cis\u00e9ment l\u2019\u00e9tat des actifs de la faillite. Pour l\u2019instant, il est donc impossible d\u2019appr\u00e9cier dans quelle mesure (pourcentage) les cr\u00e9anciers de la faillie seront d\u00e9sint\u00e9ress\u00e9s. Peu importe l\u2019\u00e9tat de traitement des sinistres. Qu\u2019il s\u2019agisse d\u2019un sinistre d\u00e9j\u00e0 r\u00e9gl\u00e9 (mais non encore pay\u00e9) ou d\u2019un sinistre non encore survenu, toutes les cr\u00e9ances r\u00e9sultant de contrats d\u2019assurance concourent dans chaque classe \u00e0 droits \u00e9gaux. Cependant, les cr\u00e9ances d\u2019assurance privil\u00e9gi\u00e9es b\u00e9n\u00e9ficient d\u2019une priorit\u00e9 absolue par rapport \u00e0 toute autre cr\u00e9ance. Les personnes ayant des cr\u00e9ances d\u2019assurance privil\u00e9gi\u00e9es ont droit \u00e0 ce que leurs cr\u00e9ances soient pay\u00e9es en priorit\u00e9 sur la masse distincte.<\/p>\n<\/div>\n\t\t\n\t\t\t<div class='ewd-ufaq-faq-custom-fields'>\n\n\t\n<\/div>\n\t\t\n\t\t\t\n\t\t\n\t\t\t\n\t\t\n\t\t\t\n\t\t\n\t\t\t\n\t\t\n\t\t\t\n\t\t\n\t\t\t\n\t\t\n\t\t\t\n\t\t\n\t<\/div>\n\n<\/div><div  class=\"ewd-ufaq-faq-div ewd-ufaq-faq-column-count-one ewd-ufaq-faq-responsive-columns- ewd-ufaq-faq-display-style-one ewd-ufaq-can-be-toggled\" id='ewd-ufaq-post-418-WHTOwO63lW' data-post_id='418'>\n\n\t\t\n\t<div class='ewd-ufaq-faq-title ewd-ufaq-faq-toggle'>\n\t\n\t<a class='ewd-ufaq-post-margin'  href='#' role=\"button\">\n\n\t\t<div class='ewd-ufaq-post-margin-symbol ewd-ufaq-square'>\n\t\t\t<span >a<\/span>\n\t\t<\/div>\n\n\t\t<div class='ewd-ufaq-faq-title-text'>\n\n\t\t\t<h4>\n\t\t\t\t\u00c0 qui d\u00e9clarer le dommage?\t\t\t<\/h4>\n\n\t\t<\/div>\n\n\t\t<div class='ewd-ufaq-clear'><\/div>\n\n\t<\/a>\n\t\n<\/div>\n\t\n\t<div class='ewd-ufaq-faq-body ewd-ufaq-hidden' >\n\n\t\t\n\t\t\t\n\t\t\n\t\t\t<div class='ewd-ufaq-post-margin ewd-ufaq-faq-post'>\n\t<p>Comme par le pass\u00e9, vous pouvez d\u00e9clarer le dommage \u00e0 votre courtier. Si, pour un motif quelconque, vous \u00eates dans l\u2019impossibilit\u00e9 de le faire, veuillez d\u00e9clarer le dommage par courriel\u00a0: <a href=\"mailto:Gable.Claims@Enstargroup.com\">Gable.Claims@Enstargroup.com<\/a>.<\/p>\n<\/div>\n\t\t\n\t\t\t<div class='ewd-ufaq-faq-custom-fields'>\n\n\t\n<\/div>\n\t\t\n\t\t\t\n\t\t\n\t\t\t\n\t\t\n\t\t\t\n\t\t\n\t\t\t\n\t\t\n\t\t\t\n\t\t\n\t\t\t\n\t\t\n\t\t\t\n\t\t\n\t<\/div>\n\n<\/div><div  class=\"ewd-ufaq-faq-div ewd-ufaq-faq-column-count-one ewd-ufaq-faq-responsive-columns- ewd-ufaq-faq-display-style-one ewd-ufaq-can-be-toggled\" id='ewd-ufaq-post-417-Q7pgBV8S7C' data-post_id='417'>\n\n\t\t\n\t<div class='ewd-ufaq-faq-title ewd-ufaq-faq-toggle'>\n\t\n\t<a class='ewd-ufaq-post-margin'  href='#' role=\"button\">\n\n\t\t<div class='ewd-ufaq-post-margin-symbol ewd-ufaq-square'>\n\t\t\t<span >a<\/span>\n\t\t<\/div>\n\n\t\t<div class='ewd-ufaq-faq-title-text'>\n\n\t\t\t<h4>\n\t\t\t\tO\u00f9 puis-je produire ma cr\u00e9ance?\t\t\t<\/h4>\n\n\t\t<\/div>\n\n\t\t<div class='ewd-ufaq-clear'><\/div>\n\n\t<\/a>\n\t\n<\/div>\n\t\n\t<div class='ewd-ufaq-faq-body ewd-ufaq-hidden' >\n\n\t\t\n\t\t\t\n\t\t\n\t\t\t<div class='ewd-ufaq-post-margin ewd-ufaq-faq-post'>\n\t<p>Si votre cr\u00e9ance (dommage reconnu ou remboursement de primes) n\u2019est pas indemnis\u00e9e par une institution de garantie de votre pays, veuillez produire votre cr\u00e9ance en utilisant le formulaire \u00e9lectronique de production de cr\u00e9ance \u00e0 disposition sur notre site web\u00a0: <a href=\"http:\/\/www.gableinsurance.li\">www.gableinsurance.li<\/a>.<\/p>\n<\/div>\n\t\t\n\t\t\t<div class='ewd-ufaq-faq-custom-fields'>\n\n\t\n<\/div>\n\t\t\n\t\t\t\n\t\t\n\t\t\t\n\t\t\n\t\t\t\n\t\t\n\t\t\t\n\t\t\n\t\t\t\n\t\t\n\t\t\t\n\t\t\n\t\t\t\n\t\t\n\t<\/div>\n\n<\/div><div  class=\"ewd-ufaq-faq-div ewd-ufaq-faq-column-count-one ewd-ufaq-faq-responsive-columns- ewd-ufaq-faq-display-style-one ewd-ufaq-can-be-toggled\" id='ewd-ufaq-post-416-poEwHSZup5' data-post_id='416'>\n\n\t\t\n\t<div class='ewd-ufaq-faq-title ewd-ufaq-faq-toggle'>\n\t\n\t<a class='ewd-ufaq-post-margin'  href='#' role=\"button\">\n\n\t\t<div class='ewd-ufaq-post-margin-symbol ewd-ufaq-square'>\n\t\t\t<span >a<\/span>\n\t\t<\/div>\n\n\t\t<div class='ewd-ufaq-faq-title-text'>\n\n\t\t\t<h4>\n\t\t\t\t\u00c0 quel moment ma cr\u00e9ance sera-t-elle pay\u00e9e?\t\t\t<\/h4>\n\n\t\t<\/div>\n\n\t\t<div class='ewd-ufaq-clear'><\/div>\n\n\t<\/a>\n\t\n<\/div>\n\t\n\t<div class='ewd-ufaq-faq-body ewd-ufaq-hidden' >\n\n\t\t\n\t\t\t\n\t\t\n\t\t\t<div class='ewd-ufaq-post-margin ewd-ufaq-faq-post'>\n\t<p>Environ 130&rsquo;000 preneurs d\u2019assurance sont concern\u00e9s par la faillite de Gable Insurance AG. L\u2019administratrice judiciaire est tenue, d\u2019une part, d\u2019identifier tous les cr\u00e9anciers ayants droit et, d\u2019autre part, de mettre en s\u00e9curit\u00e9 tous les actifs de la soci\u00e9t\u00e9. Cela exige beaucoup de temps. Pour le moment, il est impossible de dire \u00e0 quel moment ce processus sera termin\u00e9.<\/p>\n<\/div>\n\t\t\n\t\t\t<div class='ewd-ufaq-faq-custom-fields'>\n\n\t\n<\/div>\n\t\t\n\t\t\t\n\t\t\n\t\t\t\n\t\t\n\t\t\t\n\t\t\n\t\t\t\n\t\t\n\t\t\t\n\t\t\n\t\t\t\n\t\t\n\t\t\t\n\t\t\n\t<\/div>\n\n<\/div><div  class=\"ewd-ufaq-faq-div ewd-ufaq-faq-column-count-one ewd-ufaq-faq-responsive-columns- ewd-ufaq-faq-display-style-one ewd-ufaq-can-be-toggled\" id='ewd-ufaq-post-1052-1lm7vRYx3B' data-post_id='1052'>\n\n\t\t\n\t<div class='ewd-ufaq-faq-title ewd-ufaq-faq-toggle'>\n\t\n\t<a class='ewd-ufaq-post-margin'  href='#' role=\"button\">\n\n\t\t<div class='ewd-ufaq-post-margin-symbol ewd-ufaq-square'>\n\t\t\t<span >a<\/span>\n\t\t<\/div>\n\n\t\t<div class='ewd-ufaq-faq-title-text'>\n\n\t\t\t<h4>\n\t\t\t\tMa cr\u00e9ance sera-t-elle pay\u00e9e \u00e0 100 %\u00a0?\t\t\t<\/h4>\n\n\t\t<\/div>\n\n\t\t<div class='ewd-ufaq-clear'><\/div>\n\n\t<\/a>\n\t\n<\/div>\n\t\n\t<div class='ewd-ufaq-faq-body ewd-ufaq-hidden' >\n\n\t\t\n\t\t\t\n\t\t\n\t\t\t<div class='ewd-ufaq-post-margin ewd-ufaq-faq-post'>\n\t<p>Cela d\u00e9pend d\u2019abord de la question de savoir si votre cr\u00e9ance constitue une cr\u00e9ance d\u2019assurance. Une cr\u00e9ance constitue une cr\u00e9ance d\u2019assurance lorsque vous en tant que preneur d&rsquo;assurance, b\u00e9n\u00e9ficiaire, assur\u00e9 ou tiers l\u00e9s\u00e9 disposant d&rsquo;un droit d&rsquo;action directe contre Gable Insurance AG faites valoir une cr\u00e9ance n\u00e9e d\u2019un sinistre ou lorsque votre cr\u00e9ance porte sur une prime due en vertu d\u2019un contrat d\u2019assurance r\u00e9sili\u00e9 avant l\u2019ouverture de la proc\u00e9dure de faillite. Les cr\u00e9ances d\u2019assurance sont des cr\u00e9ances privil\u00e9gi\u00e9es. Cela veut dire qu\u2019elles sont pay\u00e9es avant toute autre cr\u00e9ance.<\/p>\n<p>Si votre cr\u00e9ance est une cr\u00e9ance en remboursement de primes non utilis\u00e9es n\u00e9e de l\u2019ouverture de la proc\u00e9dure de faillite et ainsi \u00e0 ce moment-l\u00e0 respectivement ult\u00e9rieurement, elle ne constitue pas une cr\u00e9ance d\u2019assurance privil\u00e9gi\u00e9e, mais une cr\u00e9ance de faillite de quatri\u00e8me classe. Les cr\u00e9ances de faillite non privil\u00e9gi\u00e9es ne sont pay\u00e9es qu\u2019apr\u00e8s le paiement int\u00e9gral des cr\u00e9ances d\u2019assurance privil\u00e9gi\u00e9es.<\/p>\n<p>Le paiement de votre cr\u00e9ance et le pourcentage d\u00e9pendent en outre de la question de savoir si les actifs restants de la soci\u00e9t\u00e9 suffisent \u00e0 vous payer. Pour le moment, il est malheureusement impossible de le dire.<\/p>\n<\/div>\n\t\t\n\t\t\t<div class='ewd-ufaq-faq-custom-fields'>\n\n\t\n<\/div>\n\t\t\n\t\t\t\n\t\t\n\t\t\t\n\t\t\n\t\t\t\n\t\t\n\t\t\t\n\t\t\n\t\t\t\n\t\t\n\t\t\t\n\t\t\n\t\t\t\n\t\t\n\t<\/div>\n\n<\/div><div  class=\"ewd-ufaq-faq-div ewd-ufaq-faq-column-count-one ewd-ufaq-faq-responsive-columns- ewd-ufaq-faq-display-style-one ewd-ufaq-can-be-toggled\" id='ewd-ufaq-post-414-L6NwgOlQgJ' data-post_id='414'>\n\n\t\t\n\t<div class='ewd-ufaq-faq-title ewd-ufaq-faq-toggle'>\n\t\n\t<a class='ewd-ufaq-post-margin'  href='#' role=\"button\">\n\n\t\t<div class='ewd-ufaq-post-margin-symbol ewd-ufaq-square'>\n\t\t\t<span >a<\/span>\n\t\t<\/div>\n\n\t\t<div class='ewd-ufaq-faq-title-text'>\n\n\t\t\t<h4>\n\t\t\t\tPuis-je faire valoir ma cr\u00e9ance aupr\u00e8s d\u2019un fonds de garantie ?\t\t\t<\/h4>\n\n\t\t<\/div>\n\n\t\t<div class='ewd-ufaq-clear'><\/div>\n\n\t<\/a>\n\t\n<\/div>\n\t\n\t<div class='ewd-ufaq-faq-body ewd-ufaq-hidden' >\n\n\t\t\n\t\t\t\n\t\t\n\t\t\t<div class='ewd-ufaq-post-margin ewd-ufaq-faq-post'>\n\t<p>Cela d\u00e9pend du type de contrat d\u2019assurance que vous avez conclu avec Gable Insurance AG ainsi que de votre pays de domicile.<\/p>\n<p>Un aper\u00e7u des divers fonds de garantie est consultable sur notre site web susmentionn\u00e9 sous \u00ab\u00a0Institutions nationales de garantie\u00a0\u00bb.<\/p>\n<\/div>\n\t\t\n\t\t\t<div class='ewd-ufaq-faq-custom-fields'>\n\n\t\n<\/div>\n\t\t\n\t\t\t\n\t\t\n\t\t\t\n\t\t\n\t\t\t\n\t\t\n\t\t\t\n\t\t\n\t\t\t\n\t\t\n\t\t\t\n\t\t\n\t\t\t\n\t\t\n\t<\/div>\n\n<\/div><div  class=\"ewd-ufaq-faq-div ewd-ufaq-faq-column-count-one ewd-ufaq-faq-responsive-columns- ewd-ufaq-faq-display-style-one ewd-ufaq-can-be-toggled\" id='ewd-ufaq-post-413-6wokeXuH59' data-post_id='413'>\n\n\t\t\n\t<div class='ewd-ufaq-faq-title ewd-ufaq-faq-toggle'>\n\t\n\t<a class='ewd-ufaq-post-margin'  href='#' role=\"button\">\n\n\t\t<div class='ewd-ufaq-post-margin-symbol ewd-ufaq-square'>\n\t\t\t<span >a<\/span>\n\t\t<\/div>\n\n\t\t<div class='ewd-ufaq-faq-title-text'>\n\n\t\t\t<h4>\n\t\t\t\tComment rester inform\u00e9(e) du d\u00e9roulement de la proc\u00e9dure de faillite?\t\t\t<\/h4>\n\n\t\t<\/div>\n\n\t\t<div class='ewd-ufaq-clear'><\/div>\n\n\t<\/a>\n\t\n<\/div>\n\t\n\t<div class='ewd-ufaq-faq-body ewd-ufaq-hidden' >\n\n\t\t\n\t\t\t\n\t\t\n\t\t\t<div class='ewd-ufaq-post-margin ewd-ufaq-faq-post'>\n\t<p>Veuillez vous abonner \u00e0 notre newsletter\u00a0: <a href=\"http:\/\/www.gableinsurance.li\/register-for-newsletter\/\">www.gableinsurance.li\/register-for-newsletter\/<\/a> . Ainsi, vous serez tenu(e) inform\u00e9(e) des \u00e9volutions actuelles et des \u00e9tapes suivantes de la proc\u00e9dure de faillite concernant Gable Insurance AG.<\/p>\n<\/div>\n\t\t\n\t\t\t<div class='ewd-ufaq-faq-custom-fields'>\n\n\t\n<\/div>\n\t\t\n\t\t\t\n\t\t\n\t\t\t\n\t\t\n\t\t\t\n\t\t\n\t\t\t\n\t\t\n\t\t\t\n\t\t\n\t\t\t\n\t\t\n\t\t\t\n\t\t\n\t<\/div>\n\n<\/div>\n\t<\/div>\n\n\t\n<\/div>\n","protected":false},"excerpt":{"rendered":"<p>A Comment rester inform\u00e9(e) du d\u00e9roulement de la proc\u00e9dure de faillite? Veuillez vous abonner \u00e0 notre newsletter\u00a0: www.gableinsurance.li\/register-for-newsletter\/ . Ainsi, vous serez tenu(e) inform\u00e9(e) des \u00e9volutions actuelles et des \u00e9tapes suivantes de la proc\u00e9dure de faillite concernant Gable Insurance AG.<\/p>\n","protected":false},"author":3,"featured_media":0,"parent":9,"menu_order":0,"comment_status":"closed","ping_status":"closed","template":"","meta":{"footnotes":""},"class_list":["post-350","page","type-page","status-publish","hentry"],"translation":{"provider":"WPGlobus","version":"3.0.2","language":"fr","enabled_languages":["de","en","it","fr"],"languages":{"de":{"title":true,"content":true,"excerpt":false},"en":{"title":true,"content":true,"excerpt":false},"it":{"title":true,"content":true,"excerpt":false},"fr":{"title":true,"content":true,"excerpt":false}}},"_links":{"self":[{"href":"https:\/\/gableinsurance.li\/fr\/wp-json\/wp\/v2\/pages\/350","targetHints":{"allow":["GET"]}}],"collection":[{"href":"https:\/\/gableinsurance.li\/fr\/wp-json\/wp\/v2\/pages"}],"about":[{"href":"https:\/\/gableinsurance.li\/fr\/wp-json\/wp\/v2\/types\/page"}],"author":[{"embeddable":true,"href":"https:\/\/gableinsurance.li\/fr\/wp-json\/wp\/v2\/users\/3"}],"replies":[{"embeddable":true,"href":"https:\/\/gableinsurance.li\/fr\/wp-json\/wp\/v2\/comments?post=350"}],"version-history":[{"count":10,"href":"https:\/\/gableinsurance.li\/fr\/wp-json\/wp\/v2\/pages\/350\/revisions"}],"predecessor-version":[{"id":1068,"href":"https:\/\/gableinsurance.li\/fr\/wp-json\/wp\/v2\/pages\/350\/revisions\/1068"}],"up":[{"embeddable":true,"href":"https:\/\/gableinsurance.li\/fr\/wp-json\/wp\/v2\/pages\/9"}],"wp:attachment":[{"href":"https:\/\/gableinsurance.li\/fr\/wp-json\/wp\/v2\/media?parent=350"}],"curies":[{"name":"wp","href":"https:\/\/api.w.org\/{rel}","templated":true}]}}